{"id":1025,"date":"2025-01-20T01:29:25","date_gmt":"2025-01-20T01:29:25","guid":{"rendered":"https:\/\/demo.bravisthemes.com\/ainus\/?page_id=1025"},"modified":"2026-04-09T10:23:22","modified_gmt":"2026-04-09T10:23:22","slug":"politica-de-privacidade","status":"publish","type":"page","link":"https:\/\/resolvtech.pt\/wp\/politica-de-privacidade\/","title":{"rendered":"Pol\u00edtica de privacidade"},"content":{"rendered":"\t\t<div data-elementor-type=\"wp-page\" data-elementor-id=\"1025\" class=\"elementor elementor-1025\">\n\t\t\t\t<div class=\"elementor-element elementor-element-7b4cb17 e-con-full e-flex e-con e-parent\" data-id=\"7b4cb17\" data-element_type=\"container\" data-e-type=\"container\" data-settings=\"{&quot;background_background&quot;:&quot;classic&quot;}\"><div class=\"elementor-element elementor-element-f8e7360 e-flex e-con-boxed e-con e-child\" data-id=\"f8e7360\" data-element_type=\"container\" data-e-type=\"container\" data-settings=\"{&quot;background_background&quot;:&quot;classic&quot;}\">\t\t\t<div class=\"e-con-inner\">\r\n\t\t\t\t<div class=\"elementor-element elementor-element-2095694 elementor-widget elementor-widget-pxl_post_title\" data-id=\"2095694\" data-element_type=\"widget\" data-e-type=\"widget\" data-widget_type=\"pxl_post_title.default\">\n\t\t\t\t<div class=\"elementor-widget-container\">\n\t\t\t\t\t\r\n<div class=\"pxl-post-title-wrapper text-animate text-explosion\"  data-split-text = \"chars\" >\r\n    <h1 class=\"pxl-post-title\">\r\n        <span class=\"pxl-post-title\">Pol\u00edtica de privacidade <\/span>\r\n    <\/h1>\r\n<\/div>\t\t\t\t<\/div>\n\t\t\t\t<\/div>\n\t\t\t\t\t<\/div>\r\n\t\t\t\t<\/div>\r\n\t\t<div class=\"elementor-element elementor-element-6f9f436 e-con-full e-flex e-con e-child\" data-id=\"6f9f436\" data-element_type=\"container\" data-e-type=\"container\">\t\t<\/div>\r\n\t\t\t\t<\/div>\r\n\t\t<div class=\"elementor-element elementor-element-8c9d59a e-flex e-con-boxed e-con e-parent\" data-id=\"8c9d59a\" data-element_type=\"container\" data-e-type=\"container\" data-settings=\"{&quot;background_background&quot;:&quot;classic&quot;}\">\t\t\t<div class=\"e-con-inner\">\r\n\t\t<div class=\"elementor-element elementor-element-59988fd e-con-full e-flex e-con e-child\" data-id=\"59988fd\" data-element_type=\"container\" data-e-type=\"container\">\t\t<div class=\"elementor-element elementor-element-59404d5 elementor-widget elementor-widget-text-editor\" data-id=\"59404d5\" data-element_type=\"widget\" data-e-type=\"widget\" data-widget_type=\"text-editor.default\">\n\t\t\t\t\t\t\t\t\t<p>Esta pol\u00edtica descreve como tratamos os dados pessoais.<\/p><ol><li><strong>Respons\u00e1vel pelo tratamento<\/strong><\/li><\/ol><p>A entidade respons\u00e1vel pelo tratamento dos dados \u00e9: Resolvtech IT Solutions, com sede em Rua Dr. Felix Alves Pereira, 2710-716, Sintra.<\/p><ol start=\"2\"><li><strong>Tipo de dados recolhidos<\/strong><\/li><\/ol><p>Podemos recolher:<\/p><ul><li>Dados de identifica\u00e7\u00e3o (nome, email, telefone)<\/li><li>Dados de navega\u00e7\u00e3o (endere\u00e7o IP, tipo de dispositivo, cookies)<\/li><li>Dados de transa\u00e7\u00f5es (caso haja compras)<\/li><\/ul><ol start=\"3\"><li><strong>Finalidades de tratamento<\/strong><\/li><\/ol><p>Os dados s\u00e3o tratados para:<\/p><ul><li>Gest\u00e3o da conta do utilizador<\/li><li>Comunica\u00e7\u00f5es de suporte<\/li><li>Envio de newsletter (com consentimento)<\/li><li>An\u00e1lise e melhoria do website<\/li><li>Fatura\u00e7\u00e3o e obriga\u00e7\u00f5es legais<\/li><\/ul><ol start=\"4\"><li><strong>Base jur\u00eddica<\/strong><\/li><\/ol><p>O tratamento baseia-se em:<\/p><ul><li>Consentimento<\/li><li>Execu\u00e7\u00e3o de contrato<\/li><li>Cumprimento de obriga\u00e7\u00f5es legais<\/li><li>Interesse leg\u00edtimo (ex: seguran\u00e7a do website)<\/li><\/ul><ol start=\"5\"><li><strong>Reten\u00e7\u00e3o dos dados<\/strong><\/li><\/ol><p>Os dados s\u00e3o mantidos pelo tempo necess\u00e1rio para cumprir as finalidades acima indicadas ou de acordo com exig\u00eancia legais.<\/p><ol start=\"6\"><li><strong>Partilha com terceiros<\/strong><\/li><\/ol><p>Podemos partilhar dados com:<\/p><ul><li>Servi\u00e7os de alojamento<\/li><li>Fornecedores tecnol\u00f3gicos<\/li><li>Autoridades legais, quando obrigat\u00f3rio<\/li><\/ul><p>Todos os terceiros cumprem a pol\u00edtica de privacidade e garantem seguran\u00e7a adequada.<\/p><ol start=\"7\"><li><strong>Direitos dos titulares<\/strong><\/li><\/ol><p>O utilizador tem direito a:<\/p><ul><li>Aceder aos seus dados<\/li><li>Retificar dados incorretos<\/li><li>Solicitar elimina\u00e7\u00e3o (\u201cdireito a ser esquecido\u201d)<\/li><li>Limitar o tratamento<\/li><li>Portabilidade<\/li><li>Opor-se ao tratamento<\/li><li>Retirar o consentimento<\/li><\/ul><ol start=\"8\"><li><strong>Cookies<\/strong><\/li><\/ol><p>Utilizamos cookies t\u00e9cnicos e anal\u00edticos. O utilizador pode gerir prefer\u00eancias no navegador.<\/p>\t\t\t\t\t\t\t\t<\/div>\n\t\t\t\t<\/div>\r\n\t\t\t\t\t<\/div>\r\n\t\t\t\t<\/div>\r\n\t\t<div class=\"elementor-element elementor-element-ffc12cf e-flex e-con-boxed e-con e-parent\" data-id=\"ffc12cf\" data-element_type=\"container\" data-e-type=\"container\">\t\t\t<div class=\"e-con-inner\">\r\n\t\t\t\t\t<\/div>\r\n\t\t\t\t<\/div>\r\n\t\t\t\t<\/div>\n\t\t","protected":false},"excerpt":{"rendered":"<p>Pol\u00edtica de privacidade Esta pol\u00edtica descreve como tratamos os dados pessoais. Respons\u00e1vel pelo tratamento A entidade respons\u00e1vel pelo tratamento dos dados \u00e9: Resolvtech IT Solutions, com sede em Rua Dr. Felix Alves Pereira, 2710-716, Sintra. Tipo de dados recolhidos Podemos recolher: Dados de identifica\u00e7\u00e3o (nome, email, telefone) Dados de navega\u00e7\u00e3o (endere\u00e7o IP, tipo de dispositivo, [&hellip;]<\/p>\n","protected":false},"author":2,"featured_media":0,"parent":0,"menu_order":0,"comment_status":"closed","ping_status":"closed","template":"","meta":{"pagelayer_contact_templates":[],"_pagelayer_content":"","footnotes":""},"class_list":["post-1025","page","type-page","status-publish","hentry"],"_links":{"self":[{"href":"https:\/\/resolvtech.pt\/wp\/wp-json\/wp\/v2\/pages\/1025","targetHints":{"allow":["GET"]}}],"collection":[{"href":"https:\/\/resolvtech.pt\/wp\/wp-json\/wp\/v2\/pages"}],"about":[{"href":"https:\/\/resolvtech.pt\/wp\/wp-json\/wp\/v2\/types\/page"}],"author":[{"embeddable":true,"href":"https:\/\/resolvtech.pt\/wp\/wp-json\/wp\/v2\/users\/2"}],"replies":[{"embeddable":true,"href":"https:\/\/resolvtech.pt\/wp\/wp-json\/wp\/v2\/comments?post=1025"}],"version-history":[{"count":17,"href":"https:\/\/resolvtech.pt\/wp\/wp-json\/wp\/v2\/pages\/1025\/revisions"}],"predecessor-version":[{"id":6569,"href":"https:\/\/resolvtech.pt\/wp\/wp-json\/wp\/v2\/pages\/1025\/revisions\/6569"}],"wp:attachment":[{"href":"https:\/\/resolvtech.pt\/wp\/wp-json\/wp\/v2\/media?parent=1025"}],"curies":[{"name":"wp","href":"https:\/\/api.w.org\/{rel}","templated":true}]}}